{"id":146,"date":"2012-10-16T23:21:09","date_gmt":"2012-10-16T23:21:09","guid":{"rendered":"http:\/\/www.vtec.com.br\/?page_id=146"},"modified":"2012-10-16T23:21:09","modified_gmt":"2012-10-16T23:21:09","slug":"estrutura","status":"publish","type":"page","link":"https:\/\/www.vtec.com.br\/?page_id=146","title":{"rendered":"ESTRUTURA"},"content":{"rendered":"<p>Os laborat\u00f3rios da VTEC s\u00e3o de alta tecnologia, com equipamentos \u00fanicos no Brasil. Veja os equipamentos que transformam as ideias inovadoras da VTEC em produtos e solu\u00e7\u00f5es para voc\u00ea.<\/p>\n<ul>\n<li>Analisadores l\u00f3gicos de alta frequ\u00eancia<\/li>\n<li>Oscilosc\u00f3pios digitais e anal\u00f3gicos<\/li>\n<li>Programadores de chip<\/li>\n<li>M\u00e1quina de prototipagem r\u00e1pida de placas de circuito impresso de precis\u00e3o<\/li>\n<li>M\u00e1quina de prototipagem CNC 3D<\/li>\n<li>Esta\u00f5es de solda diversas, incluindo BGA.<\/li>\n<li>Linha SMD para montagem de placas de circuito impresso<\/li>\n<li>Printer autom\u00e1tica para pasta de solda<\/li>\n<li>Pick and Place de precis\u00e3o com Vision e dispensador para pasta de solda<\/li>\n<li>Forno de esteira com programa\u00e7\u00e3o de curva de solda<\/li>\n<li>M\u00e1quina de testes e diagn\u00f3sticos para linha de montagem<\/li>\n<\/ul>\n","protected":false},"excerpt":{"rendered":"<p>Os laborat\u00f3rios da VTEC s\u00e3o de alta tecnologia, com equipamentos \u00fanicos no Brasil. Veja os equipamentos que transformam as ideias inovadoras da VTEC em produtos e solu\u00e7\u00f5es para voc\u00ea. Analisadores l\u00f3gicos de alta frequ\u00eancia Oscilosc\u00f3pios digitais e anal\u00f3gicos Programadores de chip M\u00e1quina de prototipagem r\u00e1pida de placas de circuito impresso de precis\u00e3o M\u00e1quina de prototipagem [&hellip;]<\/p>\n","protected":false},"author":1,"featured_media":0,"parent":48,"menu_order":0,"comment_status":"open","ping_status":"open","template":"","meta":[],"_links":{"self":[{"href":"https:\/\/www.vtec.com.br\/index.php?rest_route=\/wp\/v2\/pages\/146"}],"collection":[{"href":"https:\/\/www.vtec.com.br\/index.php?rest_route=\/wp\/v2\/pages"}],"about":[{"href":"https:\/\/www.vtec.com.br\/index.php?rest_route=\/wp\/v2\/types\/page"}],"author":[{"embeddable":true,"href":"https:\/\/www.vtec.com.br\/index.php?rest_route=\/wp\/v2\/users\/1"}],"replies":[{"embeddable":true,"href":"https:\/\/www.vtec.com.br\/index.php?rest_route=%2Fwp%2Fv2%2Fcomments&post=146"}],"version-history":[{"count":2,"href":"https:\/\/www.vtec.com.br\/index.php?rest_route=\/wp\/v2\/pages\/146\/revisions"}],"predecessor-version":[{"id":181,"href":"https:\/\/www.vtec.com.br\/index.php?rest_route=\/wp\/v2\/pages\/146\/revisions\/181"}],"up":[{"embeddable":true,"href":"https:\/\/www.vtec.com.br\/index.php?rest_route=\/wp\/v2\/pages\/48"}],"wp:attachment":[{"href":"https:\/\/www.vtec.com.br\/index.php?rest_route=%2Fwp%2Fv2%2Fmedia&parent=146"}],"curies":[{"name":"wp","href":"https:\/\/api.w.org\/{rel}","templated":true}]}}